{"id":5079,"date":"2025-10-17T14:15:48","date_gmt":"2025-10-17T14:15:48","guid":{"rendered":"https:\/\/congress.afwasa.org\/fr\/?page_id=5079"},"modified":"2025-10-21T11:27:07","modified_gmt":"2025-10-21T11:27:07","slug":"visite-technique","status":"publish","type":"page","link":"https:\/\/congress.afwasa.org\/fr\/visite-technique\/","title":{"rendered":"Visite Technique"},"content":{"rendered":"\t\t<div data-elementor-type=\"wp-page\" data-elementor-id=\"5079\" class=\"elementor elementor-5079\" data-elementor-post-type=\"page\">\n\t\t\t\t\t\t<section class=\"elementor-section elementor-top-section elementor-element elementor-element-74a3a47c elementor-section-stretched elementor-section-height-min-height elementor-section-boxed elementor-section-height-default elementor-section-items-middle\" data-id=\"74a3a47c\" data-element_type=\"section\" data-settings=\"{&quot;stretch_section&quot;:&quot;section-stretched&quot;,&quot;background_background&quot;:&quot;classic&quot;}\">\n\t\t\t\t\t\t\t<div class=\"elementor-background-overlay\"><\/div>\n\t\t\t\t\t\t\t<div class=\"elementor-container elementor-column-gap-no\">\n\t\t\t\t\t<div class=\"elementor-column elementor-col-100 elementor-top-column elementor-element elementor-element-19d9eb2a\" data-id=\"19d9eb2a\" data-element_type=\"column\">\n\t\t\t<div class=\"elementor-widget-wrap elementor-element-populated\">\n\t\t\t\t\t\t<section class=\"elementor-section elementor-inner-section elementor-element elementor-element-1b01ebc8 elementor-section-content-middle elementor-section-boxed elementor-section-height-default elementor-section-height-default\" data-id=\"1b01ebc8\" data-element_type=\"section\">\n\t\t\t\t\t\t<div class=\"elementor-container elementor-column-gap-default\">\n\t\t\t\t\t<div class=\"elementor-column elementor-col-100 elementor-inner-column elementor-element elementor-element-30d5cd39\" data-id=\"30d5cd39\" data-element_type=\"column\">\n\t\t\t<div class=\"elementor-widget-wrap elementor-element-populated\">\n\t\t\t\t\t\t<div class=\"elementor-element elementor-element-1f8530c5 elementor-widget elementor-widget-heading\" data-id=\"1f8530c5\" data-element_type=\"widget\" data-widget_type=\"heading.default\">\n\t\t\t\t<div class=\"elementor-widget-container\">\n\t\t\t\t\t<h2 class=\"elementor-heading-title elementor-size-default\">Visite technique<\/h2>\t\t\t\t<\/div>\n\t\t\t\t<\/div>\n\t\t\t\t\t<\/div>\n\t\t<\/div>\n\t\t\t\t\t<\/div>\n\t\t<\/section>\n\t\t\t\t\t<\/div>\n\t\t<\/div>\n\t\t\t\t\t<\/div>\n\t\t<\/section>\n\t\t<div class=\"elementor-element elementor-element-4d818962 e-flex e-con-boxed e-con e-parent\" data-id=\"4d818962\" data-element_type=\"container\" data-settings=\"{&quot;background_background&quot;:&quot;classic&quot;}\">\n\t\t\t\t\t<div class=\"e-con-inner\">\n\t\t\t\t<div class=\"elementor-element elementor-element-684bd8d9 elementor-widget elementor-widget-text-editor\" data-id=\"684bd8d9\" data-element_type=\"widget\" data-widget_type=\"text-editor.default\">\n\t\t\t\t<div class=\"elementor-widget-container\">\n\t\t\t\t\t\t\t\t\t<p><strong>QUELQUES DONN\u00c9ES SUR LES INSTALLATIONS DE PRODUCTION D&#8217;EAU DANS LA VILLE DE YAOUND\u00c9<\/strong><\/p><p>La demande en eau \u00e0 Yaound\u00e9 devrait atteindre environ 486 895 m3 d&#8217;ici 2035. L&#8217;eau potable de la ville est actuellement produite par trois secteurs de production :<br \/>\u2013 Le secteur de production de MEFOU, d&#8217;une capacit\u00e9 nominale de 50 000 m3\/jour<br \/>\u2013 Le secteur de production d&#8217;AKOMNYADA, d&#8217;une capacit\u00e9 nominale de 190 000 m3\/jour<br \/>\u2013 Le secteur de production de BATCHENGA (PAEPYS), d&#8217;une capacit\u00e9 nominale de 300 000 m3\/jour<br \/>Ces trois installations sont largement suffisantes pour r\u00e9pondre \u00e0 la demande en eau de Yaound\u00e9 au-del\u00e0 de 2035.<\/p>\t\t\t\t\t\t\t\t<\/div>\n\t\t\t\t<\/div>\n\t\t\t\t<div class=\"elementor-element elementor-element-25bf434d elementor-widget elementor-widget-gallery\" data-id=\"25bf434d\" data-element_type=\"widget\" data-settings=\"{&quot;gallery_layout&quot;:&quot;masonry&quot;,&quot;columns&quot;:2,&quot;overlay_title&quot;:&quot;caption&quot;,&quot;lazyload&quot;:&quot;yes&quot;,&quot;columns_tablet&quot;:2,&quot;columns_mobile&quot;:1,&quot;gap&quot;:{&quot;unit&quot;:&quot;px&quot;,&quot;size&quot;:10,&quot;sizes&quot;:[]},&quot;gap_tablet&quot;:{&quot;unit&quot;:&quot;px&quot;,&quot;size&quot;:10,&quot;sizes&quot;:[]},&quot;gap_mobile&quot;:{&quot;unit&quot;:&quot;px&quot;,&quot;size&quot;:10,&quot;sizes&quot;:[]},&quot;link_to&quot;:&quot;file&quot;,&quot;content_hover_animation&quot;:&quot;fade-in&quot;}\" data-widget_type=\"gallery.default\">\n\t\t\t\t<div class=\"elementor-widget-container\">\n\t\t\t\t\t\t\t<div class=\"elementor-gallery__container\">\n\t\t\t\t\t\t\t<a class=\"e-gallery-item elementor-gallery-item elementor-animated-content\" href=\"https:\/\/congress.afwasa.org\/fr\/wp-content\/uploads\/2025\/10\/Tour2.jpg\" data-elementor-open-lightbox=\"yes\" data-elementor-lightbox-slideshow=\"25bf434d\" data-elementor-lightbox-title=\"Tour2.jpg\" data-e-action-hash=\"#elementor-action%3Aaction%3Dlightbox%26settings%3DeyJpZCI6NTA2NywidXJsIjoiaHR0cHM6XC9cL2NvbmdyZXNzLmFmd2FzYS5vcmdcL2ZyXC93cC1jb250ZW50XC91cGxvYWRzXC8yMDI1XC8xMFwvVG91cjIuanBnIiwic2xpZGVzaG93IjoiMjViZjQzNGQifQ%3D%3D\">\n\t\t\t\t\t<div class=\"e-gallery-image elementor-gallery-item__image\" data-thumbnail=\"https:\/\/congress.afwasa.org\/fr\/wp-content\/uploads\/2025\/10\/Tour2.jpg\" data-width=\"472\" data-height=\"354\" aria-label=\"\" role=\"img\" ><\/div>\n\t\t\t\t\t\t\t\t\t\t\t\t\t\t\t<div class=\"elementor-gallery-item__content\">\n\t\t\t\t\t\t\t\t\t\t\t<\/div>\n\t\t\t\t\t\t\t\t\t<\/a>\n\t\t\t\t\t\t\t<a class=\"e-gallery-item elementor-gallery-item elementor-animated-content\" href=\"https:\/\/congress.afwasa.org\/fr\/wp-content\/uploads\/2025\/10\/Tour1.jpg\" data-elementor-open-lightbox=\"yes\" data-elementor-lightbox-slideshow=\"25bf434d\" data-elementor-lightbox-title=\"Tour1.jpg\" data-e-action-hash=\"#elementor-action%3Aaction%3Dlightbox%26settings%3DeyJpZCI6NTA2OCwidXJsIjoiaHR0cHM6XC9cL2NvbmdyZXNzLmFmd2FzYS5vcmdcL2ZyXC93cC1jb250ZW50XC91cGxvYWRzXC8yMDI1XC8xMFwvVG91cjEuanBnIiwic2xpZGVzaG93IjoiMjViZjQzNGQifQ%3D%3D\">\n\t\t\t\t\t<div class=\"e-gallery-image elementor-gallery-item__image\" data-thumbnail=\"https:\/\/congress.afwasa.org\/fr\/wp-content\/uploads\/2025\/10\/Tour1.jpg\" data-width=\"472\" data-height=\"354\" aria-label=\"\" role=\"img\" ><\/div>\n\t\t\t\t\t\t\t\t\t\t\t\t\t\t\t<div class=\"elementor-gallery-item__content\">\n\t\t\t\t\t\t\t\t\t\t\t<\/div>\n\t\t\t\t\t\t\t\t\t<\/a>\n\t\t\t\t\t\t\t<a class=\"e-gallery-item elementor-gallery-item elementor-animated-content\" href=\"https:\/\/congress.afwasa.org\/fr\/wp-content\/uploads\/2025\/10\/Tour3.jpg\" data-elementor-open-lightbox=\"yes\" data-elementor-lightbox-slideshow=\"25bf434d\" data-elementor-lightbox-title=\"Tour3.jpg\" data-e-action-hash=\"#elementor-action%3Aaction%3Dlightbox%26settings%3DeyJpZCI6NTA2OSwidXJsIjoiaHR0cHM6XC9cL2NvbmdyZXNzLmFmd2FzYS5vcmdcL2ZyXC93cC1jb250ZW50XC91cGxvYWRzXC8yMDI1XC8xMFwvVG91cjMuanBnIiwic2xpZGVzaG93IjoiMjViZjQzNGQifQ%3D%3D\">\n\t\t\t\t\t<div class=\"e-gallery-image elementor-gallery-item__image\" data-thumbnail=\"https:\/\/congress.afwasa.org\/fr\/wp-content\/uploads\/2025\/10\/Tour3.jpg\" data-width=\"443\" data-height=\"231\" aria-label=\"\" role=\"img\" ><\/div>\n\t\t\t\t\t\t\t\t\t\t\t\t\t\t\t<div class=\"elementor-gallery-item__content\">\n\t\t\t\t\t\t\t\t\t\t\t<\/div>\n\t\t\t\t\t\t\t\t\t<\/a>\n\t\t\t\t\t\t\t<a class=\"e-gallery-item elementor-gallery-item elementor-animated-content\" href=\"https:\/\/congress.afwasa.org\/fr\/wp-content\/uploads\/2025\/10\/Tour4.jpg\" data-elementor-open-lightbox=\"yes\" data-elementor-lightbox-slideshow=\"25bf434d\" data-elementor-lightbox-title=\"Tour4.jpg\" data-e-action-hash=\"#elementor-action%3Aaction%3Dlightbox%26settings%3DeyJpZCI6NTA3MCwidXJsIjoiaHR0cHM6XC9cL2NvbmdyZXNzLmFmd2FzYS5vcmdcL2ZyXC93cC1jb250ZW50XC91cGxvYWRzXC8yMDI1XC8xMFwvVG91cjQuanBnIiwic2xpZGVzaG93IjoiMjViZjQzNGQifQ%3D%3D\">\n\t\t\t\t\t<div class=\"e-gallery-image elementor-gallery-item__image\" data-thumbnail=\"https:\/\/congress.afwasa.org\/fr\/wp-content\/uploads\/2025\/10\/Tour4.jpg\" data-width=\"437\" data-height=\"234\" aria-label=\"\" role=\"img\" ><\/div>\n\t\t\t\t\t\t\t\t\t\t\t\t\t\t\t<div class=\"elementor-gallery-item__content\">\n\t\t\t\t\t\t\t\t\t\t\t<\/div>\n\t\t\t\t\t\t\t\t\t<\/a>\n\t\t\t\t\t\t\t<a class=\"e-gallery-item elementor-gallery-item elementor-animated-content\" href=\"https:\/\/congress.afwasa.org\/fr\/wp-content\/uploads\/2025\/10\/Tour5.jpg\" data-elementor-open-lightbox=\"yes\" data-elementor-lightbox-slideshow=\"25bf434d\" data-elementor-lightbox-title=\"Tour5.jpg\" data-e-action-hash=\"#elementor-action%3Aaction%3Dlightbox%26settings%3DeyJpZCI6NTA3MSwidXJsIjoiaHR0cHM6XC9cL2NvbmdyZXNzLmFmd2FzYS5vcmdcL2ZyXC93cC1jb250ZW50XC91cGxvYWRzXC8yMDI1XC8xMFwvVG91cjUuanBnIiwic2xpZGVzaG93IjoiMjViZjQzNGQifQ%3D%3D\">\n\t\t\t\t\t<div class=\"e-gallery-image elementor-gallery-item__image\" data-thumbnail=\"https:\/\/congress.afwasa.org\/fr\/wp-content\/uploads\/2025\/10\/Tour5.jpg\" data-width=\"465\" data-height=\"619\" aria-label=\"\" role=\"img\" ><\/div>\n\t\t\t\t\t\t\t\t\t\t\t\t\t\t\t<div class=\"elementor-gallery-item__content\">\n\t\t\t\t\t\t\t\t\t\t\t<\/div>\n\t\t\t\t\t\t\t\t\t<\/a>\n\t\t\t\t\t\t\t<a class=\"e-gallery-item elementor-gallery-item elementor-animated-content\" href=\"https:\/\/congress.afwasa.org\/fr\/wp-content\/uploads\/2025\/10\/Tour6.jpg\" data-elementor-open-lightbox=\"yes\" data-elementor-lightbox-slideshow=\"25bf434d\" data-elementor-lightbox-title=\"Tour6.jpg\" data-e-action-hash=\"#elementor-action%3Aaction%3Dlightbox%26settings%3DeyJpZCI6NTA3MiwidXJsIjoiaHR0cHM6XC9cL2NvbmdyZXNzLmFmd2FzYS5vcmdcL2ZyXC93cC1jb250ZW50XC91cGxvYWRzXC8yMDI1XC8xMFwvVG91cjYuanBnIiwic2xpZGVzaG93IjoiMjViZjQzNGQifQ%3D%3D\">\n\t\t\t\t\t<div class=\"e-gallery-image elementor-gallery-item__image\" data-thumbnail=\"https:\/\/congress.afwasa.org\/fr\/wp-content\/uploads\/2025\/10\/Tour6.jpg\" data-width=\"470\" data-height=\"288\" aria-label=\"\" role=\"img\" ><\/div>\n\t\t\t\t\t\t\t\t\t\t\t\t\t\t\t<div class=\"elementor-gallery-item__content\">\n\t\t\t\t\t\t\t\t\t\t\t<\/div>\n\t\t\t\t\t\t\t\t\t<\/a>\n\t\t\t\t\t<\/div>\n\t\t\t\t\t<\/div>\n\t\t\t\t<\/div>\n\t\t\t\t\t<\/div>\n\t\t\t\t<\/div>\n\t\t\t\t<\/div>\n\t\t","protected":false},"excerpt":{"rendered":"<p>Visite technique QUELQUES DONN\u00c9ES SUR LES INSTALLATIONS DE PRODUCTION D&#8217;EAU DANS LA VILLE DE YAOUND\u00c9 La demande en eau \u00e0 Yaound\u00e9 devrait atteindre environ 486 895 m3 d&#8217;ici 2035. L&#8217;eau potable de la ville est actuellement produite par trois secteurs de production :\u2013 Le secteur de production de MEFOU, d&#8217;une capacit\u00e9 nominale de 50 000 [&hellip;]<\/p>\n","protected":false},"author":4,"featured_media":0,"parent":0,"menu_order":0,"comment_status":"closed","ping_status":"closed","template":"","meta":{"footnotes":""},"class_list":["post-5079","page","type-page","status-publish","hentry"],"_links":{"self":[{"href":"https:\/\/congress.afwasa.org\/fr\/wp-json\/wp\/v2\/pages\/5079","targetHints":{"allow":["GET"]}}],"collection":[{"href":"https:\/\/congress.afwasa.org\/fr\/wp-json\/wp\/v2\/pages"}],"about":[{"href":"https:\/\/congress.afwasa.org\/fr\/wp-json\/wp\/v2\/types\/page"}],"author":[{"embeddable":true,"href":"https:\/\/congress.afwasa.org\/fr\/wp-json\/wp\/v2\/users\/4"}],"replies":[{"embeddable":true,"href":"https:\/\/congress.afwasa.org\/fr\/wp-json\/wp\/v2\/comments?post=5079"}],"version-history":[{"count":8,"href":"https:\/\/congress.afwasa.org\/fr\/wp-json\/wp\/v2\/pages\/5079\/revisions"}],"predecessor-version":[{"id":5174,"href":"https:\/\/congress.afwasa.org\/fr\/wp-json\/wp\/v2\/pages\/5079\/revisions\/5174"}],"wp:attachment":[{"href":"https:\/\/congress.afwasa.org\/fr\/wp-json\/wp\/v2\/media?parent=5079"}],"curies":[{"name":"wp","href":"https:\/\/api.w.org\/{rel}","templated":true}]}}