{"id":3617,"date":"2025-07-30T14:14:44","date_gmt":"2025-07-30T14:14:44","guid":{"rendered":"https:\/\/congress.afwasa.org\/fr\/?page_id=3617"},"modified":"2025-08-08T08:41:34","modified_gmt":"2025-08-08T08:41:34","slug":"mot-du-dex-aaea","status":"publish","type":"page","link":"https:\/\/congress.afwasa.org\/fr\/mot-du-dex-aaea\/","title":{"rendered":"Mot du Dex AAEA"},"content":{"rendered":"\t\t<div data-elementor-type=\"wp-post\" data-elementor-id=\"3617\" class=\"elementor elementor-3617\" data-elementor-post-type=\"page\">\n\t\t\t\t\t\t<section class=\"elementor-section elementor-top-section elementor-element elementor-element-1e99ae5a elementor-section-stretched elementor-section-height-min-height elementor-section-boxed elementor-section-height-default elementor-section-items-middle\" data-id=\"1e99ae5a\" data-element_type=\"section\" data-settings=\"{&quot;stretch_section&quot;:&quot;section-stretched&quot;,&quot;background_background&quot;:&quot;classic&quot;}\">\n\t\t\t\t\t\t\t<div class=\"elementor-background-overlay\"><\/div>\n\t\t\t\t\t\t\t<div class=\"elementor-container elementor-column-gap-no\">\n\t\t\t\t\t<div class=\"elementor-column elementor-col-100 elementor-top-column elementor-element elementor-element-65410ea5\" data-id=\"65410ea5\" data-element_type=\"column\">\n\t\t\t<div class=\"elementor-widget-wrap elementor-element-populated\">\n\t\t\t\t\t\t<section class=\"elementor-section elementor-inner-section elementor-element elementor-element-2325f3e5 elementor-section-content-middle elementor-section-boxed elementor-section-height-default elementor-section-height-default\" data-id=\"2325f3e5\" data-element_type=\"section\">\n\t\t\t\t\t\t<div class=\"elementor-container elementor-column-gap-default\">\n\t\t\t\t\t<div class=\"elementor-column elementor-col-100 elementor-inner-column elementor-element elementor-element-4146b3d3\" data-id=\"4146b3d3\" data-element_type=\"column\">\n\t\t\t<div class=\"elementor-widget-wrap elementor-element-populated\">\n\t\t\t\t\t\t<div class=\"elementor-element elementor-element-5d0c48b6 elementor-widget elementor-widget-heading\" data-id=\"5d0c48b6\" data-element_type=\"widget\" data-widget_type=\"heading.default\">\n\t\t\t\t<div class=\"elementor-widget-container\">\n\t\t\t\t\t<h2 class=\"elementor-heading-title elementor-size-default\">MOT DU DIRECTEUR EXECUTIF DE L'AAEA<\/h2>\t\t\t\t<\/div>\n\t\t\t\t<\/div>\n\t\t\t\t\t<\/div>\n\t\t<\/div>\n\t\t\t\t\t<\/div>\n\t\t<\/section>\n\t\t\t\t\t<\/div>\n\t\t<\/div>\n\t\t\t\t\t<\/div>\n\t\t<\/section>\n\t\t<div class=\"elementor-element elementor-element-457d50a e-flex e-con-boxed e-con e-parent\" data-id=\"457d50a\" data-element_type=\"container\" data-settings=\"{&quot;background_background&quot;:&quot;classic&quot;}\">\n\t\t\t\t\t<div class=\"e-con-inner\">\n\t\t\t\t<div class=\"elementor-element elementor-element-7ffdcd3 elementor-widget elementor-widget-spacer\" data-id=\"7ffdcd3\" data-element_type=\"widget\" data-widget_type=\"spacer.default\">\n\t\t\t\t<div class=\"elementor-widget-container\">\n\t\t\t\t\t\t\t<div class=\"elementor-spacer\">\n\t\t\t<div class=\"elementor-spacer-inner\"><\/div>\n\t\t<\/div>\n\t\t\t\t\t\t<\/div>\n\t\t\t\t<\/div>\n\t\t\t\t\t<\/div>\n\t\t\t\t<\/div>\n\t\t<div class=\"elementor-element elementor-element-893d9e6 e-flex e-con-boxed e-con e-parent\" data-id=\"893d9e6\" data-element_type=\"container\" data-settings=\"{&quot;background_background&quot;:&quot;classic&quot;}\">\n\t\t\t\t\t<div class=\"e-con-inner\">\n\t\t<div class=\"elementor-element elementor-element-39efb64 e-con-full e-flex e-con e-child\" data-id=\"39efb64\" data-element_type=\"container\" data-settings=\"{&quot;background_background&quot;:&quot;classic&quot;}\">\n\t\t\t\t<div class=\"elementor-element elementor-element-88e1494 elementor-position-top elementor-widget elementor-widget-image-box\" data-id=\"88e1494\" data-element_type=\"widget\" data-widget_type=\"image-box.default\">\n\t\t\t\t<div class=\"elementor-widget-container\">\n\t\t\t\t\t<div class=\"elementor-image-box-wrapper\"><figure class=\"elementor-image-box-img\"><img decoding=\"async\" src=\"https:\/\/congress.afwasa.org\/fr\/wp-content\/uploads\/2025\/07\/DEx1-r7w16ck5b77e3axd2n0f8dnqg84qowlonx74u2jofk.jpg\" title=\"DEx1-r7w16ck5b77e3axd2n0f8dnqg84qowlonx74u2jofk\" alt=\"DEx1-r7w16ck5b77e3axd2n0f8dnqg84qowlonx74u2jofk\" loading=\"lazy\" \/><\/figure><div class=\"elementor-image-box-content\"><h3 class=\"elementor-image-box-title\">Ing. Fran\u00e7ois Olivier GOSSO<\/h3><p class=\"elementor-image-box-description\">Directeur Ex\u00e9cutif de l'AAEA<\/p><\/div><\/div>\t\t\t\t<\/div>\n\t\t\t\t<\/div>\n\t\t\t\t<div class=\"elementor-element elementor-element-66f8f90 elementor-widget elementor-widget-text-editor\" data-id=\"66f8f90\" data-element_type=\"widget\" data-widget_type=\"text-editor.default\">\n\t\t\t\t<div class=\"elementor-widget-container\">\n\t\t\t\t\t\t\t\t\t<p>Le Congr\u00e8s de Yaound\u00e9 2026 marquera une \u00e9tape cl\u00e9 dans cette dynamique de transformation. Il s\u2019articulera autour de trois piliers essentiels :<\/p><ul><li>Un pilier scientifique, avec plus de 300 communications de haut niveau, sessions techniques, posters et \u00e9changes de savoirs ;<\/li><li>Un pilier exposition, rassemblant plus de 100 exposants pour valoriser les innovations technologiques, les mod\u00e8les de gestion performants et les solutions endog\u00e8nes ;<\/li><\/ul>\t\t\t\t\t\t\t\t<\/div>\n\t\t\t\t<\/div>\n\t\t\t\t<\/div>\n\t\t<div class=\"elementor-element elementor-element-067d496 e-con-full e-flex e-con e-child\" data-id=\"067d496\" data-element_type=\"container\" data-settings=\"{&quot;background_background&quot;:&quot;classic&quot;}\">\n\t\t\t\t<div class=\"elementor-element elementor-element-39b0ec3 elementor-widget elementor-widget-text-editor\" data-id=\"39b0ec3\" data-element_type=\"widget\" data-widget_type=\"text-editor.default\">\n\t\t\t\t<div class=\"elementor-widget-container\">\n\t\t\t\t\t\t\t\t\t<ul><li>Un pilier \u00e9v\u00e9nementiel, con\u00e7u comme un espace inclusif de dialogue strat\u00e9gique entre d\u00e9cideurs publics, institutions, op\u00e9rateurs, jeunes, femmes leaders, m\u00e9dias et communaut\u00e9s.<\/li><\/ul><p>Au-del\u00e0 de son ampleur, Yaound\u00e9 2026 incarnera un v\u00e9ritable mouvement panafricain, au service des Objectifs de D\u00e9veloppement Durable, et plus particuli\u00e8rement de l\u2019ODD 6.<\/p><p>\u00c0 toutes les parties prenantes \u2013 gouvernements, collectivit\u00e9s, entreprises, chercheurs, ONG, citoyens engag\u00e9s, je lance un appel vibrant :<br \/>mobilisez-vous, participez activement, enrichissez ce congr\u00e8s de votre expertise, de votre \u00e9nergie et de vos convictions.<\/p><p>Rendez-vous \u00e0 Yaound\u00e9, du 9 au 13 f\u00e9vrier 2026, pour b\u00e2tir ensemble une Afrique de l\u2019eau r\u00e9siliente, \u00e9quitable et prosp\u00e8re.<\/p><p>Le Congr\u00e8s de Yaound\u00e9 2026 marquera une \u00e9tape cl\u00e9 dans cette dynamique de transformation. Il s\u2019articulera autour de trois piliers essentiels :<\/p><ul><li>Un pilier scientifique, avec plus de 300 communications de haut niveau, sessions techniques, posters et \u00e9changes de savoirs ;<\/li><li>Un pilier exposition, rassemblant plus de 100 exposants pour valoriser les innovations technologiques, les mod\u00e8les de gestion performants et les solutions endog\u00e8nes ;<\/li><li>Un pilier \u00e9v\u00e9nementiel, con\u00e7u comme un espace inclusif de dialogue strat\u00e9gique entre d\u00e9cideurs publics, institutions, op\u00e9rateurs, jeunes, femmes leaders, m\u00e9dias et communaut\u00e9s.<\/li><\/ul><p>Au-del\u00e0 de son ampleur, Yaound\u00e9 2026 incarnera un v\u00e9ritable mouvement panafricain, au service des Objectifs de D\u00e9veloppement Durable, et plus particuli\u00e8rement de l\u2019ODD 6.<\/p><p>\u00c0 toutes les parties prenantes \u2013 gouvernements, collectivit\u00e9s, entreprises, chercheurs, ONG, citoyens engag\u00e9s, je lance un appel vibrant :<br \/>mobilisez-vous, participez activement, enrichissez ce congr\u00e8s de votre expertise, de votre \u00e9nergie et de vos convictions.<\/p><p>Rendez-vous \u00e0 Yaound\u00e9, du 9 au 13 f\u00e9vrier 2026, pour b\u00e2tir ensemble une Afrique de l\u2019eau r\u00e9siliente, \u00e9quitable et prosp\u00e8re.<\/p>\t\t\t\t\t\t\t\t<\/div>\n\t\t\t\t<\/div>\n\t\t\t\t<\/div>\n\t\t\t\t\t<\/div>\n\t\t\t\t<\/div>\n\t\t<div class=\"elementor-element elementor-element-b1c353a e-flex e-con-boxed e-con e-parent\" data-id=\"b1c353a\" data-element_type=\"container\" data-settings=\"{&quot;background_background&quot;:&quot;classic&quot;}\">\n\t\t\t\t\t<div class=\"e-con-inner\">\n\t\t\t\t<div class=\"elementor-element elementor-element-437cce6 elementor-widget elementor-widget-spacer\" data-id=\"437cce6\" data-element_type=\"widget\" data-widget_type=\"spacer.default\">\n\t\t\t\t<div class=\"elementor-widget-container\">\n\t\t\t\t\t\t\t<div class=\"elementor-spacer\">\n\t\t\t<div class=\"elementor-spacer-inner\"><\/div>\n\t\t<\/div>\n\t\t\t\t\t\t<\/div>\n\t\t\t\t<\/div>\n\t\t\t\t\t<\/div>\n\t\t\t\t<\/div>\n\t\t<div class=\"elementor-element elementor-element-a2c49fa e-flex e-con-boxed e-con e-parent\" data-id=\"a2c49fa\" data-element_type=\"container\">\n\t\t\t\t\t<div class=\"e-con-inner\">\n\t\t\t\t\t<\/div>\n\t\t\t\t<\/div>\n\t\t\t\t<\/div>\n\t\t","protected":false},"excerpt":{"rendered":"<p>MOT DU DIRECTEUR EXECUTIF DE L&#8217;AAEA Ing. Fran\u00e7ois Olivier GOSSO Directeur Ex\u00e9cutif de l&#8217;AAEA Le Congr\u00e8s de Yaound\u00e9 2026 marquera une \u00e9tape cl\u00e9 dans cette dynamique de transformation. Il s\u2019articulera autour de trois piliers essentiels : Un pilier scientifique, avec plus de 300 communications de haut niveau, sessions techniques, posters et \u00e9changes de savoirs ; [&hellip;]<\/p>\n","protected":false},"author":5,"featured_media":0,"parent":0,"menu_order":0,"comment_status":"closed","ping_status":"closed","template":"","meta":{"footnotes":""},"class_list":["post-3617","page","type-page","status-publish","hentry"],"_links":{"self":[{"href":"https:\/\/congress.afwasa.org\/fr\/wp-json\/wp\/v2\/pages\/3617","targetHints":{"allow":["GET"]}}],"collection":[{"href":"https:\/\/congress.afwasa.org\/fr\/wp-json\/wp\/v2\/pages"}],"about":[{"href":"https:\/\/congress.afwasa.org\/fr\/wp-json\/wp\/v2\/types\/page"}],"author":[{"embeddable":true,"href":"https:\/\/congress.afwasa.org\/fr\/wp-json\/wp\/v2\/users\/5"}],"replies":[{"embeddable":true,"href":"https:\/\/congress.afwasa.org\/fr\/wp-json\/wp\/v2\/comments?post=3617"}],"version-history":[{"count":91,"href":"https:\/\/congress.afwasa.org\/fr\/wp-json\/wp\/v2\/pages\/3617\/revisions"}],"predecessor-version":[{"id":3899,"href":"https:\/\/congress.afwasa.org\/fr\/wp-json\/wp\/v2\/pages\/3617\/revisions\/3899"}],"wp:attachment":[{"href":"https:\/\/congress.afwasa.org\/fr\/wp-json\/wp\/v2\/media?parent=3617"}],"curies":[{"name":"wp","href":"https:\/\/api.w.org\/{rel}","templated":true}]}}