{"id":2552,"date":"2024-04-26T12:45:19","date_gmt":"2024-04-26T12:45:19","guid":{"rendered":"https:\/\/www.afwasa2025.org\/?page_id=2552"},"modified":"2025-10-20T12:32:03","modified_gmt":"2025-10-20T12:32:03","slug":"congresslaunch","status":"publish","type":"page","link":"https:\/\/congress.afwasa.org\/fr\/congresslaunch\/","title":{"rendered":"Congress Launch"},"content":{"rendered":"\t\t<div data-elementor-type=\"wp-post\" data-elementor-id=\"2552\" class=\"elementor elementor-2552\" data-elementor-post-type=\"page\">\n\t\t\t\t\t\t<section class=\"elementor-section elementor-top-section elementor-element elementor-element-e2400c8 elementor-section-stretched elementor-section-height-min-height elementor-section-boxed elementor-section-height-default elementor-section-items-middle\" data-id=\"e2400c8\" data-element_type=\"section\" data-settings=\"{&quot;stretch_section&quot;:&quot;section-stretched&quot;,&quot;background_background&quot;:&quot;classic&quot;}\">\n\t\t\t\t\t\t\t<div class=\"elementor-background-overlay\"><\/div>\n\t\t\t\t\t\t\t<div class=\"elementor-container elementor-column-gap-no\">\n\t\t\t\t\t<div class=\"elementor-column elementor-col-100 elementor-top-column elementor-element elementor-element-9a0b9b1\" data-id=\"9a0b9b1\" data-element_type=\"column\">\n\t\t\t<div class=\"elementor-widget-wrap elementor-element-populated\">\n\t\t\t\t\t\t<section class=\"elementor-section elementor-inner-section elementor-element elementor-element-0966b0e elementor-section-content-middle elementor-section-boxed elementor-section-height-default elementor-section-height-default\" data-id=\"0966b0e\" data-element_type=\"section\">\n\t\t\t\t\t\t<div class=\"elementor-container elementor-column-gap-default\">\n\t\t\t\t\t<div class=\"elementor-column elementor-col-100 elementor-inner-column elementor-element elementor-element-c69056a\" data-id=\"c69056a\" data-element_type=\"column\">\n\t\t\t<div class=\"elementor-widget-wrap elementor-element-populated\">\n\t\t\t\t\t\t<div class=\"elementor-element elementor-element-c06e041 elementor-widget elementor-widget-heading\" data-id=\"c06e041\" data-element_type=\"widget\" data-widget_type=\"heading.default\">\n\t\t\t\t<div class=\"elementor-widget-container\">\n\t\t\t\t\t<h2 class=\"elementor-heading-title elementor-size-default\">LANCEMENT DU CONGR\u00c8S<\/h2>\t\t\t\t<\/div>\n\t\t\t\t<\/div>\n\t\t\t\t\t<\/div>\n\t\t<\/div>\n\t\t\t\t\t<\/div>\n\t\t<\/section>\n\t\t\t\t\t<\/div>\n\t\t<\/div>\n\t\t\t\t\t<\/div>\n\t\t<\/section>\n\t\t\t\t<div class=\"elementor-section elementor-top-section elementor-element elementor-element-0198997 elementor-section-stretched elementor-section-boxed elementor-section-height-default elementor-section-height-default\" data-id=\"0198997\" data-element_type=\"section\" data-settings=\"{&quot;stretch_section&quot;:&quot;section-stretched&quot;,&quot;background_background&quot;:&quot;classic&quot;}\">\n\t\t\t\t\t\t<div class=\"elementor-container elementor-column-gap-no\">\n\t\t\t\t\t<div class=\"elementor-column elementor-col-100 elementor-top-column elementor-element elementor-element-45f56c7\" data-id=\"45f56c7\" data-element_type=\"column\" data-settings=\"{&quot;background_background&quot;:&quot;classic&quot;}\">\n\t\t\t<div class=\"elementor-widget-wrap elementor-element-populated\">\n\t\t\t\t\t\t<div class=\"elementor-element elementor-element-2f840cc elementor-widget elementor-widget-heading\" data-id=\"2f840cc\" data-element_type=\"widget\" data-widget_type=\"heading.default\">\n\t\t\t\t<div class=\"elementor-widget-container\">\n\t\t\t\t\t<h2 class=\"elementor-heading-title elementor-size-default\">23<sup>e<\/sup> Congr\u00e8s International et Exposition de l'AAEA : C\u00e9r\u00e9monie de lancement officiel \u00e0 Yaound\u00e9, Cameroun<\/h2>\t\t\t\t<\/div>\n\t\t\t\t<\/div>\n\t\t\t\t\t<\/div>\n\t\t<\/div>\n\t\t\t\t\t<\/div>\n\t\t<\/div>\n\t\t<div class=\"elementor-element elementor-element-f992dfe e-flex e-con-boxed e-con e-parent\" data-id=\"f992dfe\" data-element_type=\"container\">\n\t\t\t\t\t<div class=\"e-con-inner\">\n\t\t<div class=\"elementor-element elementor-element-b0c2c65 e-con-full e-flex e-con e-child\" data-id=\"b0c2c65\" data-element_type=\"container\">\n\t\t\t\t<div class=\"elementor-element elementor-element-2da1431 elementor-widget elementor-widget-video\" data-id=\"2da1431\" data-element_type=\"widget\" data-settings=\"{&quot;youtube_url&quot;:&quot;https:\\\/\\\/www.youtube.com\\\/watch?v=1Z4MLibEva0&quot;,&quot;show_image_overlay&quot;:&quot;yes&quot;,&quot;image_overlay&quot;:{&quot;url&quot;:&quot;https:\\\/\\\/congress.afwasa.org\\\/fr\\\/wp-content\\\/uploads\\\/2025\\\/08\\\/SITE-2.jpg&quot;,&quot;id&quot;:3684,&quot;size&quot;:&quot;&quot;,&quot;alt&quot;:&quot;&quot;,&quot;source&quot;:&quot;library&quot;},&quot;lightbox&quot;:&quot;yes&quot;,&quot;video_type&quot;:&quot;youtube&quot;,&quot;controls&quot;:&quot;yes&quot;}\" data-widget_type=\"video.default\">\n\t\t\t\t<div class=\"elementor-widget-container\">\n\t\t\t\t\t\t\t<div class=\"elementor-wrapper elementor-open-lightbox\">\n\t\t\t\t\t\t\t<div class=\"elementor-custom-embed-image-overlay\" data-elementor-open-lightbox=\"yes\" data-elementor-lightbox=\"{&quot;type&quot;:&quot;video&quot;,&quot;videoType&quot;:&quot;youtube&quot;,&quot;url&quot;:&quot;https:\\\/\\\/www.youtube.com\\\/embed\\\/1Z4MLibEva0?feature=oembed&amp;start&amp;end&amp;wmode=opaque&amp;loop=0&amp;controls=1&amp;mute=0&amp;rel=0&amp;cc_load_policy=0&quot;,&quot;autoplay&quot;:&quot;&quot;,&quot;modalOptions&quot;:{&quot;id&quot;:&quot;elementor-lightbox-2da1431&quot;,&quot;entranceAnimation&quot;:&quot;&quot;,&quot;entranceAnimation_tablet&quot;:&quot;&quot;,&quot;entranceAnimation_mobile&quot;:&quot;&quot;,&quot;videoAspectRatio&quot;:&quot;169&quot;}}\" data-e-action-hash=\"#elementor-action%3Aaction%3Dlightbox%26settings%3DeyJ0eXBlIjoidmlkZW8iLCJ2aWRlb1R5cGUiOiJ5b3V0dWJlIiwidXJsIjoiaHR0cHM6XC9cL3d3dy55b3V0dWJlLmNvbVwvZW1iZWRcLzFaNE1MaWJFdmEwP2ZlYXR1cmU9b2VtYmVkJnN0YXJ0JmVuZCZ3bW9kZT1vcGFxdWUmbG9vcD0wJmNvbnRyb2xzPTEmbXV0ZT0wJnJlbD0wJmNjX2xvYWRfcG9saWN5PTAiLCJhdXRvcGxheSI6IiIsIm1vZGFsT3B0aW9ucyI6eyJpZCI6ImVsZW1lbnRvci1saWdodGJveC0yZGExNDMxIiwiZW50cmFuY2VBbmltYXRpb24iOiIiLCJlbnRyYW5jZUFuaW1hdGlvbl90YWJsZXQiOiIiLCJlbnRyYW5jZUFuaW1hdGlvbl9tb2JpbGUiOiIiLCJ2aWRlb0FzcGVjdFJhdGlvIjoiMTY5In19\">\n\t\t\t\t\t\t\t\t\t\t\t<img fetchpriority=\"high\" decoding=\"async\" width=\"1280\" height=\"584\" src=\"https:\/\/congress.afwasa.org\/fr\/wp-content\/uploads\/2025\/08\/SITE-2.jpg\" class=\"attachment-full size-full wp-image-3684\" alt=\"\" srcset=\"https:\/\/congress.afwasa.org\/fr\/wp-content\/uploads\/2025\/08\/SITE-2.jpg 1280w, https:\/\/congress.afwasa.org\/fr\/wp-content\/uploads\/2025\/08\/SITE-2-300x137.jpg 300w, https:\/\/congress.afwasa.org\/fr\/wp-content\/uploads\/2025\/08\/SITE-2-1024x467.jpg 1024w, https:\/\/congress.afwasa.org\/fr\/wp-content\/uploads\/2025\/08\/SITE-2-768x350.jpg 768w\" sizes=\"(max-width: 1280px) 100vw, 1280px\" \/>\t\t\t\t\t\t\t\t\t\t\t\t\t\t\t\t<div class=\"elementor-custom-embed-play\" role=\"button\" aria-label=\"Play Video\" tabindex=\"0\">\n\t\t\t\t\t\t\t<svg aria-hidden=\"true\" class=\"e-font-icon-svg e-eicon-play\" viewBox=\"0 0 1000 1000\" xmlns=\"http:\/\/www.w3.org\/2000\/svg\"><path d=\"M838 162C746 71 633 25 500 25 371 25 258 71 163 162 71 254 25 367 25 500 25 633 71 746 163 837 254 929 367 979 500 979 633 979 746 933 838 837 929 746 975 633 975 500 975 367 929 254 838 162M808 192C892 279 933 379 933 500 933 621 892 725 808 808 725 892 621 938 500 938 379 938 279 896 196 808 113 725 67 621 67 500 67 379 108 279 196 192 279 108 383 62 500 62 621 62 721 108 808 192M438 392V642L642 517 438 392Z\"><\/path><\/svg>\t\t\t\t\t\t<\/div>\n\t\t\t\t\t\t\t\t\t<\/div>\n\t\t\t\t\t<\/div>\n\t\t\t\t\t\t<\/div>\n\t\t\t\t<\/div>\n\t\t\t\t<\/div>\n\t\t<div class=\"elementor-element elementor-element-34fbe6f e-con-full e-flex e-con e-child\" data-id=\"34fbe6f\" data-element_type=\"container\">\n\t\t\t\t<div class=\"elementor-element elementor-element-2de50bd elementor-widget elementor-widget-text-editor\" data-id=\"2de50bd\" data-element_type=\"widget\" data-widget_type=\"text-editor.default\">\n\t\t\t\t<div class=\"elementor-widget-container\">\n\t\t\t\t\t\t\t\t\t<p>La c\u00e9r\u00e9monie officielle de lancement du 23<sup>e<\/sup> Congr\u00e8s International et Exposition de l&#8217;AAEA s&#8217;est d\u00e9roul\u00e9e le 30 juillet 2025 au palais des Congr\u00e8s de Yaound\u00e9, Cameroun. Cet \u00e9v\u00e9nement continental d\u2019envergure r\u00e9unira plus de 3 000 participants issus d\u2019Afrique et du reste du monde, autour du th\u00e8me f\u00e9d\u00e9rateur : <strong>\u00ab Eau et Assainissement pour tous : des actions fortes pour l\u2019Afrique \u00bb<\/strong>.<\/p><p>Le lancement a \u00e9t\u00e9 marqu\u00e9 par les interventions de hautes personnalit\u00e9s, \u00e0 commencer par le Maire de la Ville de Yaound\u00e9, qui a salu\u00e9, avec \u00e9motion et fiert\u00e9, le choix de la capitale camerounaise pour abriter ce rendez-vous strat\u00e9gique. Rendant un hommage appuy\u00e9 au Pr\u00e9sident de la R\u00e9publique, Son Excellence Paul Biya, pour son soutien\u00a0<\/p>\t\t\t\t\t\t\t\t<\/div>\n\t\t\t\t<\/div>\n\t\t\t\t<\/div>\n\t\t\t\t\t<\/div>\n\t\t\t\t<\/div>\n\t\t<div class=\"elementor-element elementor-element-b6450d5 e-flex e-con-boxed e-con e-parent\" data-id=\"b6450d5\" data-element_type=\"container\">\n\t\t\t\t\t<div class=\"e-con-inner\">\n\t\t\t\t<div class=\"elementor-element elementor-element-175cd9f elementor-widget elementor-widget-text-editor\" data-id=\"175cd9f\" data-element_type=\"widget\" data-widget_type=\"text-editor.default\">\n\t\t\t\t<div class=\"elementor-widget-container\">\n\t\t\t\t\t\t\t\t\t<p>constant, le Maire a \u00e9voqu\u00e9 \u00ab une responsabilit\u00e9 sacr\u00e9e et une opportunit\u00e9 historique \u00bb pour Yaound\u00e9 de contribuer \u00e0 la transformation du secteur de l\u2019eau en Afrique.<\/p><p>\u00ab Ce Congr\u00e8s n\u2019est pas un \u00e9v\u00e9nement de plus. C\u2019est une promesse collective, un appel \u00e0 l\u2019action, et un laboratoire de solutions pour notre avenir commun \u00bb, a-t-il soulign\u00e9, appelant tous les acteurs \u2013 institutions, entreprises, ONG, m\u00e9dias \u2013 \u00e0 s\u2019engager pleinement.<\/p><p>A la suite du Maire, Dr Blaise Moussa, \u00e9galement Directeur G\u00e9n\u00e9ral de la CAMWATER et Pr\u00e9sident du Congr\u00e8s, a rappel\u00e9 que ce 23\u1d49 Congr\u00e8s repr\u00e9sentait bien plus qu\u2019une simple r\u00e9union professionnelle :<\/p><p>\u00ab C\u2019est un jalon d\u00e9cisif pour le continent. Nous devons faire de Yaound\u00e9 2026 une \u00e9tape essentielle sur le chemin des Objectifs de D\u00e9veloppement Durable, en particulier l\u2019ODD 6. \u00bb<\/p><p>Insistant sur la n\u00e9cessit\u00e9 d\u2019une mobilisation imm\u00e9diate, Dr Moussa a pr\u00e9sent\u00e9 les grands axes de l\u2019\u00e9v\u00e9nement \u00e0 venir : pl\u00e9ni\u00e8res de haut niveau, ateliers techniques, forums d\u00e9di\u00e9s aux jeunes, femmes et \u00e9lus locaux, exposition internationale, \u00e9changes d\u2019affaires et valorisation de l\u2019innovation africaine.<\/p><p>Dans son discours, le Directeur Ex\u00e9cutif de l\u2019AAEA, Ing\u00e9nieur Olivier Gosso a rappel\u00e9 le r\u00f4le central de l\u2019association dans la concr\u00e9tisation du droit \u00e0 l\u2019eau et \u00e0 l\u2019assainissement, reconnu par les Nations Unies depuis 2010. Fort de plus de 300 membres, l\u2019AAEA touche indirectement plus de 650 millions de personnes \u00e0 travers l\u2019Afrique.<\/p><p>\u00ab Notre ambition est claire : passer d\u2019une logique de promesses \u00e0 une culture d\u2019actions concr\u00e8tes. Le temps n\u2019est plus aux intentions, mais aux r\u00e9sultats mesurables. \u00bb<\/p><p>\u00c0 ses yeux, Yaound\u00e9 2026 sera \u00ab un point d\u2019inflexion, un catalyseur de transformation pour notre avenir commun \u00bb.<\/p><p>Cloturant la s\u00e9rie des allocutions, le Ministre camerounais de l\u2019Eau et de l\u2019\u00c9nergie, <strong>Gaston \u00c9LOUNDOU ESSOMBA,<\/strong> a, au nom du Gouvernement camerounais, soulign\u00e9 l\u2019importance strat\u00e9gique de cet \u00e9v\u00e9nement pour le pays et pour le continent. Il a rappel\u00e9 que l\u2019acc\u00e8s \u00e0 l\u2019eau potable et \u00e0 un assainissement s\u00fbr constitue une priorit\u00e9 nationale inscrite dans la Strat\u00e9gie Nationale de D\u00e9veloppement 2020\u20132030.<\/p><p>Il a reconnu les efforts d\u00e9j\u00e0 consentis en mati\u00e8re d\u2019investissements, de r\u00e9forme institutionnelle et de d\u00e9veloppement d\u2019infrastructures, tout en soulignant les d\u00e9fis persistants, notamment dans les zones rurales et les quartiers urbains d\u00e9favoris\u00e9s.<\/p><p>\u00ab L\u2019organisation de ce Congr\u00e8s en terre camerounaise est un signal fort de l\u2019engagement de notre pays pour un secteur de l\u2019eau plus inclusif, plus performant et plus r\u00e9silient \u00bb, a-t-il d\u00e9clar\u00e9.<\/p><p>Le Ministre a \u00e9galement salu\u00e9 le th\u00e8me du Congr\u00e8s, qu\u2019il a qualifi\u00e9 de pertinent et mobilisateur, et a invit\u00e9 l\u2019ensemble des parties prenantes \u2013 administrations, entreprises publiques, secteur priv\u00e9, partenaires techniques et financiers \u2013 \u00e0 s\u2019impliquer activement.<\/p><p>\u00ab Yaound\u00e9 2026 devra marquer un tournant. Le Gouvernement camerounais s\u2019engage \u00e0 tout mettre en \u0153uvre pour assurer le succ\u00e8s de cet \u00e9v\u00e9nement et en faire un levier de transformation durable pour l\u2019Afrique \u00bb, a-t-il conclu.<\/p>\t\t\t\t\t\t\t\t<\/div>\n\t\t\t\t<\/div>\n\t\t\t\t\t<\/div>\n\t\t\t\t<\/div>\n\t\t\t\t<\/div>\n\t\t","protected":false},"excerpt":{"rendered":"<p>LANCEMENT DU CONGR\u00c8S 23e Congr\u00e8s International et Exposition de l&#8217;AAEA : C\u00e9r\u00e9monie de lancement officiel \u00e0 Yaound\u00e9, Cameroun https:\/\/www.youtube.com\/watch?v=1Z4MLibEva0 La c\u00e9r\u00e9monie officielle de lancement du 23e Congr\u00e8s International et Exposition de l&#8217;AAEA s&#8217;est d\u00e9roul\u00e9e le 30 juillet 2025 au palais des Congr\u00e8s de Yaound\u00e9, Cameroun. Cet \u00e9v\u00e9nement continental d\u2019envergure r\u00e9unira plus de 3 000 participants [&hellip;]<\/p>\n","protected":false},"author":2,"featured_media":0,"parent":0,"menu_order":0,"comment_status":"closed","ping_status":"closed","template":"","meta":{"footnotes":""},"class_list":["post-2552","page","type-page","status-publish","hentry"],"_links":{"self":[{"href":"https:\/\/congress.afwasa.org\/fr\/wp-json\/wp\/v2\/pages\/2552","targetHints":{"allow":["GET"]}}],"collection":[{"href":"https:\/\/congress.afwasa.org\/fr\/wp-json\/wp\/v2\/pages"}],"about":[{"href":"https:\/\/congress.afwasa.org\/fr\/wp-json\/wp\/v2\/types\/page"}],"author":[{"embeddable":true,"href":"https:\/\/congress.afwasa.org\/fr\/wp-json\/wp\/v2\/users\/2"}],"replies":[{"embeddable":true,"href":"https:\/\/congress.afwasa.org\/fr\/wp-json\/wp\/v2\/comments?post=2552"}],"version-history":[{"count":36,"href":"https:\/\/congress.afwasa.org\/fr\/wp-json\/wp\/v2\/pages\/2552\/revisions"}],"predecessor-version":[{"id":5092,"href":"https:\/\/congress.afwasa.org\/fr\/wp-json\/wp\/v2\/pages\/2552\/revisions\/5092"}],"wp:attachment":[{"href":"https:\/\/congress.afwasa.org\/fr\/wp-json\/wp\/v2\/media?parent=2552"}],"curies":[{"name":"wp","href":"https:\/\/api.w.org\/{rel}","templated":true}]}}