{"id":1229,"date":"2024-03-11T09:17:49","date_gmt":"2024-03-11T09:17:49","guid":{"rendered":"https:\/\/clients.ngxuganda.com\/AfWASA\/?page_id=1229"},"modified":"2025-09-24T15:05:29","modified_gmt":"2025-09-24T15:05:29","slug":"about-uganda","status":"publish","type":"page","link":"https:\/\/congress.afwasa.org\/fr\/about-uganda\/","title":{"rendered":"About Cameroun"},"content":{"rendered":"\t\t<div data-elementor-type=\"wp-post\" data-elementor-id=\"1229\" class=\"elementor elementor-1229\" data-elementor-post-type=\"page\">\n\t\t\t\t\t\t<section class=\"elementor-section elementor-top-section elementor-element elementor-element-fb63f60 elementor-section-stretched elementor-section-height-min-height elementor-section-boxed elementor-section-height-default elementor-section-items-middle\" data-id=\"fb63f60\" data-element_type=\"section\" data-settings=\"{&quot;stretch_section&quot;:&quot;section-stretched&quot;,&quot;background_background&quot;:&quot;classic&quot;}\">\n\t\t\t\t\t\t\t<div class=\"elementor-background-overlay\"><\/div>\n\t\t\t\t\t\t\t<div class=\"elementor-container elementor-column-gap-no\">\n\t\t\t\t\t<div class=\"elementor-column elementor-col-100 elementor-top-column elementor-element elementor-element-57daee7\" data-id=\"57daee7\" data-element_type=\"column\">\n\t\t\t<div class=\"elementor-widget-wrap elementor-element-populated\">\n\t\t\t\t\t\t<section class=\"elementor-section elementor-inner-section elementor-element elementor-element-71780db elementor-section-content-middle elementor-section-boxed elementor-section-height-default elementor-section-height-default\" data-id=\"71780db\" data-element_type=\"section\">\n\t\t\t\t\t\t<div class=\"elementor-container elementor-column-gap-default\">\n\t\t\t\t\t<div class=\"elementor-column elementor-col-100 elementor-inner-column elementor-element elementor-element-18844e7\" data-id=\"18844e7\" data-element_type=\"column\">\n\t\t\t<div class=\"elementor-widget-wrap elementor-element-populated\">\n\t\t\t\t\t\t<div class=\"elementor-element elementor-element-53ee4c7 elementor-widget elementor-widget-heading\" data-id=\"53ee4c7\" data-element_type=\"widget\" data-widget_type=\"heading.default\">\n\t\t\t\t<div class=\"elementor-widget-container\">\n\t\t\t\t\t<h2 class=\"elementor-heading-title elementor-size-default\">A propos du Cameroun<\/h2>\t\t\t\t<\/div>\n\t\t\t\t<\/div>\n\t\t\t\t\t<\/div>\n\t\t<\/div>\n\t\t\t\t\t<\/div>\n\t\t<\/section>\n\t\t\t\t\t<\/div>\n\t\t<\/div>\n\t\t\t\t\t<\/div>\n\t\t<\/section>\n\t\t\t\t<div class=\"elementor-section elementor-top-section elementor-element elementor-element-8a20671 elementor-section-stretched elementor-section-boxed elementor-section-height-default elementor-section-height-default\" data-id=\"8a20671\" data-element_type=\"section\" data-settings=\"{&quot;stretch_section&quot;:&quot;section-stretched&quot;,&quot;background_background&quot;:&quot;classic&quot;}\">\n\t\t\t\t\t\t<div class=\"elementor-container elementor-column-gap-no\">\n\t\t\t\t\t<div class=\"elementor-column elementor-col-100 elementor-top-column elementor-element elementor-element-95c5211\" data-id=\"95c5211\" data-element_type=\"column\" data-settings=\"{&quot;background_background&quot;:&quot;classic&quot;}\">\n\t\t\t<div class=\"elementor-widget-wrap elementor-element-populated\">\n\t\t\t\t\t\t<div class=\"elementor-element elementor-element-d902faf elementor-widget elementor-widget-text-editor\" data-id=\"d902faf\" data-element_type=\"widget\" data-widget_type=\"text-editor.default\">\n\t\t\t\t<div class=\"elementor-widget-container\">\n\t\t\t\t\t\t\t\t\t<p><strong>Emplacement<\/strong> : Le Cameroun est situ\u00e9 en Afrique centrale, bord\u00e9 par le Nigeria \u00e0 l\u2019ouest, le Tchad au nord, la R\u00e9publique centrafricaine \u00e0 l\u2019est, et le Congo, le Gabon et la Guin\u00e9e \u00e9quatoriale au sud. Le pays poss\u00e8de \u00e9galement une fa\u00e7ade maritime sur l\u2019oc\u00e9an Atlantique (golfe de Guin\u00e9e). Sa diversit\u00e9 g\u00e9ographique et culturelle lui vaut le surnom de l\u2019Afrique en miniature<\/p><p><strong>La capitale<\/strong> : Yaound\u00e9 est la capitale politique du Cameroun. Douala, la capitale \u00e9conomique, est le principal port et centre des affaires.<\/p><p><strong>Population<\/strong> : Avec environ 28 millions d\u2019habitants (estimation 2025), le Cameroun est un pays jeune et dynamique. Plus de 60 % de la population a moins de 25 ans. Les Camerounais sont r\u00e9put\u00e9s pour leur hospitalit\u00e9, leur r\u00e9silience et leur cr\u00e9ativit\u00e9.<\/p><p><strong>Langues<\/strong> : Le Cameroun est officiellement bilingue : le fran\u00e7ais et l\u2019anglais y sont parl\u00e9s. \u00c0 cela s\u2019ajoutent plus de 200 langues nationales et dialectes qui t\u00e9moignent de sa grande diversit\u00e9 culturelle.<\/p><p><strong>Faune sauvage<\/strong> :Le Cameroun est une destination de choix pour les amoureux de nature. On y trouve des \u00e9l\u00e9phants, lions, gorilles, chimpanz\u00e9s, buffles, girafes et une multitude d\u2019esp\u00e8ces d\u2019oiseaux. Des parcs nationaux comme <strong>Waza, Korup, Bouba Ndjidda<\/strong> ou encore la r\u00e9serve du Dja (class\u00e9e patrimoine mondial de l\u2019UNESCO) offrent des exp\u00e9riences uniques de safari et d\u2019\u00e9cotourisme.<\/p><p>\u00a0<\/p><p><strong>Une nature \u00e9tonnante<\/strong> :<\/p><p>Le mont Cameroun (4100 m), surnomm\u00e9 le Char des dieux\u00a0est le plus haut sommet d\u2019Afrique de l\u2019Ouest et du Centre.<\/p><ul><li><strong>Les plages de Kribi et Limb\u00e9<\/strong> attirent pour leur beaut\u00e9 naturelle et leurs eaux chaudes.<\/li><li><strong>Le lac Nyos et le lac<\/strong> Tchad offrent des paysages impressionnants.<\/li><li><strong>Les chutes d\u2019Ekom Nkam<\/strong> et la diversit\u00e9 des \u00e9cosyst\u00e8mes (for\u00eats denses, savanes, montagnes, zones d\u00e9sertiques) renforcent l\u2019image du Cameroun comme un condens\u00e9 de l\u2019Afrique.<\/li><\/ul><p><strong>Culture<\/strong> :Le Cameroun compte plus de 250 ethnies, chacune avec ses traditions, danses, musiques et arts. Les f\u00eates comme la F\u00eate du Ngondo (Douala) ou la F\u00eate du Ngouon (Bamoun) mettent en avant la richesse culturelle du pays. Le football est \u00e9galement une v\u00e9ritable religion nationale, avec les Lions Indomptables comme symbole de fiert\u00e9<\/p><p><b>\u00c9conomie<\/b> : L\u2019\u00e9conomie camerounaise repose sur l\u2019agriculture (cacao, caf\u00e9, banane, coton, huile de palme), les ressources naturelles (p\u00e9trole, gaz, bois) et les services. Le pays se d\u00e9veloppe aussi dans les t\u00e9l\u00e9communications et les infrastructures.<\/p><p><b>Le climat<\/b> : Le Cameroun a un climat tr\u00e8s vari\u00e9 : \u00e9quatorial humide au sud, tropical au centre, et semi-aride au nord. La temp\u00e9rature moyenne est de 20 \u00e0 30 \u00b0C selon les r\u00e9gions.<\/p><p><b>La monnaie ougandaise <\/b>: Le franc CFA (XAF) est la monnaie utilis\u00e9e.<\/p><p><b>H\u00f4pitaux <\/b>: Le Cameroun dispose de plusieurs h\u00f4pitaux de r\u00e9f\u00e9rence, tels que l\u2019H\u00f4pital G\u00e9n\u00e9ral de Yaound\u00e9 et l\u2019H\u00f4pital Laquintinie de Douala. Le secteur priv\u00e9 compte \u00e9galement de nombreuses cliniques modernes..<\/p><p><b>La religion au Cameroun<\/b> : Le pays est majoritairement chr\u00e9tien (catholicisme et protestantisme), avec une forte communaut\u00e9 musulmane et des croyances traditionnelles encore vivaces. Cette diversit\u00e9 religieuse refl\u00e8te l\u2019esprit de tol\u00e9rance et de cohabitation pacifique du pays. Rejoignez-nous pour c\u00e9l\u00e9brer la diversit\u00e9 et l&#8217;importance de ces institutions religieuses, chacune contribuant \u00e0 la richesse du patrimoine culturel Cameroun.<\/p>\t\t\t\t\t\t\t\t<\/div>\n\t\t\t\t<\/div>\n\t\t\t\t\t<\/div>\n\t\t<\/div>\n\t\t\t\t\t<\/div>\n\t\t<\/div>\n\t\t\t\t<\/div>\n\t\t","protected":false},"excerpt":{"rendered":"<p>A propos du Cameroun Emplacement : Le Cameroun est situ\u00e9 en Afrique centrale, bord\u00e9 par le Nigeria \u00e0 l\u2019ouest, le Tchad au nord, la R\u00e9publique centrafricaine \u00e0 l\u2019est, et le Congo, le Gabon et la Guin\u00e9e \u00e9quatoriale au sud. Le pays poss\u00e8de \u00e9galement une fa\u00e7ade maritime sur l\u2019oc\u00e9an Atlantique (golfe de Guin\u00e9e). Sa diversit\u00e9 g\u00e9ographique [&hellip;]<\/p>\n","protected":false},"author":1,"featured_media":0,"parent":0,"menu_order":0,"comment_status":"closed","ping_status":"closed","template":"","meta":{"footnotes":""},"class_list":["post-1229","page","type-page","status-publish","hentry"],"_links":{"self":[{"href":"https:\/\/congress.afwasa.org\/fr\/wp-json\/wp\/v2\/pages\/1229","targetHints":{"allow":["GET"]}}],"collection":[{"href":"https:\/\/congress.afwasa.org\/fr\/wp-json\/wp\/v2\/pages"}],"about":[{"href":"https:\/\/congress.afwasa.org\/fr\/wp-json\/wp\/v2\/types\/page"}],"author":[{"embeddable":true,"href":"https:\/\/congress.afwasa.org\/fr\/wp-json\/wp\/v2\/users\/1"}],"replies":[{"embeddable":true,"href":"https:\/\/congress.afwasa.org\/fr\/wp-json\/wp\/v2\/comments?post=1229"}],"version-history":[{"count":149,"href":"https:\/\/congress.afwasa.org\/fr\/wp-json\/wp\/v2\/pages\/1229\/revisions"}],"predecessor-version":[{"id":4351,"href":"https:\/\/congress.afwasa.org\/fr\/wp-json\/wp\/v2\/pages\/1229\/revisions\/4351"}],"wp:attachment":[{"href":"https:\/\/congress.afwasa.org\/fr\/wp-json\/wp\/v2\/media?parent=1229"}],"curies":[{"name":"wp","href":"https:\/\/api.w.org\/{rel}","templated":true}]}}